{"id":202,"date":"2024-02-10T14:45:41","date_gmt":"2024-02-10T13:45:41","guid":{"rendered":"https:\/\/test.dr-claudia-mueller.de\/?page_id=202"},"modified":"2024-03-26T12:40:59","modified_gmt":"2024-03-26T11:40:59","slug":"krebsvorsorge","status":"publish","type":"page","link":"https:\/\/test.dr-claudia-mueller.de\/en\/krebsvorsorge\/","title":{"rendered":"Krebsvorsorge"},"content":{"rendered":"<div class=\"wpb-content-wrapper\"><p>[vc_row][vc_column][vc_column_text]<\/p>\n<h1>Krebsvorsorge rettet Leben<\/h1>\n<p>[\/vc_column_text][\/vc_column][\/vc_row][vc_row][vc_column][vc_column_text]<\/p>\n<h2><span style=\"color: #2a57b0;\">Leistungsspektrum: Krebsvorsorge (Zahlen aktualisieren)<\/span><\/h2>\n<p>Jedes Jahr erkranken viele Menschen an einem Krebs. Fr\u00fcherkennung ist deshalb sehr wichtig, um Chancen f\u00fcr eine Heilung zu nutzen. Zu den h\u00e4ufigsten Krebsarten bei Frauen z\u00e4hlen (Quelle: <a href=\"https:\/\/www.rki.de\">www.RKI.de<\/a>):<br \/>\n\u2013 Brustkrebs mit ca. 57.000 Neuerkrankungen pro Jahr an 1. Stelle<br \/>\n\u2013 Darmkrebs mit ca. 36.000 Neuerkrankungen pro Jahr an 2. Stelle<br \/>\n\u2013 Geb\u00e4rmutterk\u00f6rperkrebs mit ca. 12.000 Neuerkrankungen pro Jahr an 4. Stelle<br \/>\n\u2013 Eierstockkrebs mit ca. 10.000 Neuerkrankungen pro Jahr an 5. Stelle<br \/>\n\u2013 Harnblasenkrebs mit ca. 7.000 Neuerkrankungen pro Jahr an 8. Stelle<br \/>\n\u2013 Geb\u00e4rmutterhalskrebs mit ca. 6.000 Neuerkrankungen pro Jahr an 11. Stelle<\/p>\n<h3>Gesetzliche Krebsvorsorge<\/h3>\n<p>Bitte nutzen Sie regelm\u00e4\u00dfig die M\u00f6glichkeit der gesetzlichen Vorsorge f\u00fcr Ihre Gesundheit. Dazu geh\u00f6ren u.a. Mammographie-Screening f\u00fcr alle Frauen zwischen 50 und 69 Jahren und die M\u00f6glichkeit zu einer Darmspiegelung f\u00fcr alle ab 55 Jahre.<\/p>\n<p>Moderne medizinische Erkenntnisse zeigen, dass man \u00fcber die M\u00f6glichkeiten der gesetzlichen Vorsorge hinaus mit zus\u00e4tzlichen Ma\u00dfnahmen eine weitere Verbesserung der herk\u00f6mmlichen Fr\u00fcherkennung erreichen kann. Dazu dienen folgende<\/p>\n<h3>M\u00f6gliche Zusatzuntersuchungen<\/h3>\n<p>\u2013 Ultraschall des kleinen Beckens<br \/>\n\u2013 Ultraschall der Brustdr\u00fcse<br \/>\n\u2013 Immunologischer Stuhltest<br \/>\n\u2013 Blasenkrebstest<\/p>\n<h2><span style=\"color: #2a57b0;\">Individuelle Gesundheitsleistung: Erweiterte Krebsvorsorge<\/span><\/h2>\n<p>Individuelle Gesundheitsleistungen sind \u00fcber den Rahmen der Gesetzlichen Krankenkassen hinausgehende Gesundheitsleistungen, die \u00e4rztlich empfehlenswert und medizinisch vertretbar sind, aber nicht zu Lasten der Krankenkasse erbracht werden. Sie werden als Privatleistungen nach der Geb\u00fchrenordnung f\u00fcr \u00c4rzte (GO\u00c4) berechnet.<\/p>\n<h3>Ultraschall des kleinen Beckens<\/h3>\n<p>zum Ausschluss von sichtbaren Ver\u00e4nderungen an Geb\u00e4rmutter und Eierst\u00f6cken, die nicht tastbar sind<\/p>\n<h3>Ultraschall der Brustdr\u00fcsen<\/h3>\n<p>zum Ausschluss von sichtbaren Tumoren und Zysten, die nicht tastbar sind<\/p>\n<h3>Immunologischer Stuhltest<\/h3>\n<p>zum Ausschluss von Blutungsquellen im Darm zur Darmkrebsfr\u00fcherkennung<\/p>\n<h3>Blasenkrebstest<\/h3>\n<p>Fr\u00fcherkennungstest zur Vermeidung fortgeschrittener Blasentumore<\/p>\n<h3>Thin Prep<\/h3>\n<p>aufgearbeitetes Abstrichpr\u00e4parat f\u00fcr mehr Sicherheit in der Vorsorge des Geb\u00e4rmutterhalskrebses<\/p>\n<h3>\u2013 ThinPrep-Pap-Test<br \/>\n\u2013 HPV-Test<\/h3>\n<p>[\/vc_column_text][\/vc_column][\/vc_row][vc_row top_margin=&#8221;page-margin-top&#8221;][vc_column][vc_button title=&#8221;Termin f\u00fcr Krebsvorsorge buchen&#8221; size=&#8221;large&#8221; icon=&#8221;template-arrow-circle-after&#8221; style=&#8221;dark-color&#8221;][vc_empty_space height=&#8221;100px&#8221;][vc_button title=&#8221;Anmeldeformular ausf\u00fcllen&#8221; size=&#8221;large&#8221; icon=&#8221;template-arrow-circle-after&#8221; style=&#8221;dark-color&#8221;][\/vc_column][\/vc_row][vc_row][vc_column][vc_empty_space height=&#8221;50px&#8221;][vc_column_text]<\/p>\n<h2>Herzlich Willkommen in unserer Praxis<\/h2>\n<p>[\/vc_column_text][vc_masonry_media_grid grid_id=&#8221;vc_gid:1711453194570-f195fc10-6fa3-0&#8243; include=&#8221;250,255,256&#8243;][\/vc_column][\/vc_row]<\/p>\n<\/div>","protected":false},"excerpt":{"rendered":"<p>[vc_row][vc_column][vc_column_text] Krebsvorsorge rettet Leben [\/vc_column_text][\/vc_column][\/vc_row][vc_row][vc_column][vc_column_text] Leistungsspektrum: Krebsvorsorge (Zahlen aktualisieren) Jedes Jahr erkranken viele Menschen an einem Krebs. Fr\u00fcherkennung ist deshalb sehr wichtig, um Chancen f\u00fcr eine Heilung zu nutzen. Zu den h\u00e4ufigsten Krebsarten bei Frauen z\u00e4hlen (Quelle: www.RKI.de): \u2013 Brustkrebs mit ca. 57.000 Neuerkrankungen pro Jahr an 1. Stelle \u2013 Darmkrebs mit ca. 36.000 Neuerkrankungen<\/p>\n","protected":false},"author":1,"featured_media":0,"parent":0,"menu_order":0,"comment_status":"closed","ping_status":"closed","template":"","meta":{"footnotes":""},"class_list":["post-202","page","type-page","status-publish","hentry"],"translation":{"provider":"WPGlobus","version":"3.0.2","language":"en","enabled_languages":["de","en","tr"],"languages":{"de":{"title":true,"content":true,"excerpt":false},"en":{"title":false,"content":false,"excerpt":false},"tr":{"title":false,"content":false,"excerpt":false}}},"_links":{"self":[{"href":"https:\/\/test.dr-claudia-mueller.de\/en\/wp-json\/wp\/v2\/pages\/202","targetHints":{"allow":["GET"]}}],"collection":[{"href":"https:\/\/test.dr-claudia-mueller.de\/en\/wp-json\/wp\/v2\/pages"}],"about":[{"href":"https:\/\/test.dr-claudia-mueller.de\/en\/wp-json\/wp\/v2\/types\/page"}],"author":[{"embeddable":true,"href":"https:\/\/test.dr-claudia-mueller.de\/en\/wp-json\/wp\/v2\/users\/1"}],"replies":[{"embeddable":true,"href":"https:\/\/test.dr-claudia-mueller.de\/en\/wp-json\/wp\/v2\/comments?post=202"}],"version-history":[{"count":18,"href":"https:\/\/test.dr-claudia-mueller.de\/en\/wp-json\/wp\/v2\/pages\/202\/revisions"}],"predecessor-version":[{"id":230,"href":"https:\/\/test.dr-claudia-mueller.de\/en\/wp-json\/wp\/v2\/pages\/202\/revisions\/230"}],"wp:attachment":[{"href":"https:\/\/test.dr-claudia-mueller.de\/en\/wp-json\/wp\/v2\/media?parent=202"}],"curies":[{"name":"wp","href":"https:\/\/api.w.org\/{rel}","templated":true}]}}