{"id":208,"date":"2024-02-10T14:55:08","date_gmt":"2024-02-10T13:55:08","guid":{"rendered":"https:\/\/test.dr-claudia-mueller.de\/?page_id=208"},"modified":"2024-03-26T12:43:26","modified_gmt":"2024-03-26T11:43:26","slug":"impfungen","status":"publish","type":"page","link":"https:\/\/test.dr-claudia-mueller.de\/en\/impfungen\/","title":{"rendered":"Vaccinations"},"content":{"rendered":"<div class=\"wpb-content-wrapper\"><p>[vc_row][vc_column][vc_column_text]<\/p>\n<h1>Impfen rettet Leben<\/h1>\n<p>[\/vc_column_text][\/vc_column][\/vc_row][vc_row][vc_column][vc_column_text]<\/p>\n<h2><span style=\"color: #214d8f;\">Leistungsspektrum: Impfungen<\/span><\/h2>\n<p>Mit der Erforschung der Tuberkulose durch Robert Koch und dem Versuch, einen spezifischen Impfstoff dagegen zu entwickeln, begann ein neues Zeitalter.<br \/>\n(<a href=\"http:\/\/www.dahw.de\/lp\/robert-koch-biografie.de\">http:\/\/www.dahw.de\/lp\/robert-koch-biografie.de<\/a>)<\/p>\n<p>Gef\u00fcrchtete Infektionskrankheiten, an denen man fr\u00fcher noch h\u00e4ufig gestorben ist, konnten zur\u00fcckgedr\u00e4ngt werden. Dennoch oder gerade deshalb bleibt das Impfen nach wie vor wichtig. Heute existiert ein sogenannter Impfkalender, indem die empfohlenen Impfungen erfasst sind. Die ersten Grundimmunisierungen erfolgen \u00fcblicherweise in der Kindheit. Einige Impfungen sollten aber wieder aufgefrischt werden. Manchmal werden solche Impfungen dann einfach verpasst. Wir bieten Ihnen eine Kontrolle Ihres Impfstatus an und impfen auch, wenn erforderlich.<\/p>\n<p>Insbesondere bieten wir auch die Impfungen f\u00fcr junge M\u00e4dchen an, wie z.B. die Impfung gegen HPV (\u201eImpfung gegen Geb\u00e4rmutterhalskrebs\u201c), aber auch gegen Hepatitis B oder Meningitis im Rahmen der Empfehlungen des Robert-Koch-Instituts.<\/p>\n<p>Gro\u00dfe Bedeutung f\u00fcr Frauen mit Kinderwunsch hat vor allem ein sicherer Schutz vor R\u00f6teln und Windpocken. In unserer Praxis k\u00f6nnen wir Ihren Immunschutz bestimmen und ggf. impfen.<\/p>\n<p>H\u00e4ufig fehlt auch die Impfung gegen Keuchhusten, der durch S\u00e4uglinge und Kleinkinder in die Familie getragen werden kann.<\/p>\n<p>Dar\u00fcber hinaus k\u00f6nnen Sie bei uns allj\u00e4hrlich Ihre Grippeschutzimpfung erhalten.<\/p>\n<p><a href=\"http:\/\/www.impfen.de\">http:\/\/www.impfen.de<\/a><br \/>\n<a href=\"http:\/\/www.impfenaktuell.de\">http:\/\/www.impfenaktuell.de<\/a><\/p>\n<h3>Impfung \u201egegen Geb\u00e4rmutterhalskrebs\u201c<\/h3>\n<p>Viele junge M\u00e4dchen sind bereits informiert \u00fcber diese Impfung oder haben sie bereits beim Kinderarzt erhalten. Sie ist eine Kassenleistung im Alter von 9 bis 17 Jahre. Es sollte in jedem Fall eine ausf\u00fchrliche Beratung dazu erfolgen.<\/p>\n<h3>Gynatren<\/h3>\n<p>(na) + Sy????<\/p>\n<h3>Blaseninfektion<\/h3>\n<p>[\/vc_column_text][\/vc_column][\/vc_row][vc_row top_margin=&#8221;page-margin-top&#8221;][vc_column][vc_button title=&#8221;Termin f\u00fcr Impfung buchen&#8221; size=&#8221;large&#8221; icon=&#8221;template-arrow-circle-after&#8221; style=&#8221;dark-color&#8221;][vc_empty_space height=&#8221;100px&#8221;][\/vc_column][\/vc_row][vc_row][vc_column][vc_column_text]<\/p>\n<h2>Wir bieten folgende Impfungen an<\/h2>\n<p>[\/vc_column_text][\/vc_column][\/vc_row][vc_row][vc_column]<ul class=\"items-list clearfix\"><li class=\"template-check clearfix\">\n\t\t\t<span>Tetanus<\/span><\/li><li class=\"template-check clearfix\">\n\t\t\t<span>Diphtherie<\/span><\/li><li class=\"template-check clearfix\">\n\t\t\t<span>Hepatitis<\/span><\/li><li class=\"template-check clearfix\">\n\t\t\t<span>Grippeschutz und Covid<\/span><\/li><li class=\"template-check clearfix\">\n\t\t\t<span>Pneumokokken<\/span><\/li><\/ul>[\/vc_column][\/vc_row]<\/p>\n<\/div>","protected":false},"excerpt":{"rendered":"<p>[vc_row][vc_column][vc_column_text] Impfen rettet Leben [\/vc_column_text][\/vc_column][\/vc_row][vc_row][vc_column][vc_column_text] Leistungsspektrum: Impfungen Mit der Erforschung der Tuberkulose durch Robert Koch und dem Versuch, einen spezifischen Impfstoff dagegen zu entwickeln, begann ein neues Zeitalter. (http:\/\/www.dahw.de\/lp\/robert-koch-biografie.de) Gef\u00fcrchtete Infektionskrankheiten, an denen man fr\u00fcher noch h\u00e4ufig gestorben ist, konnten zur\u00fcckgedr\u00e4ngt werden. Dennoch oder gerade deshalb bleibt das Impfen nach wie vor wichtig. Heute existiert<\/p>\n","protected":false},"author":1,"featured_media":0,"parent":0,"menu_order":0,"comment_status":"closed","ping_status":"closed","template":"","meta":{"footnotes":""},"class_list":["post-208","page","type-page","status-publish","hentry"],"translation":{"provider":"WPGlobus","version":"3.0.2","language":"en","enabled_languages":["de","en","tr"],"languages":{"de":{"title":true,"content":true,"excerpt":false},"en":{"title":true,"content":false,"excerpt":false},"tr":{"title":true,"content":false,"excerpt":false}}},"_links":{"self":[{"href":"https:\/\/test.dr-claudia-mueller.de\/en\/wp-json\/wp\/v2\/pages\/208","targetHints":{"allow":["GET"]}}],"collection":[{"href":"https:\/\/test.dr-claudia-mueller.de\/en\/wp-json\/wp\/v2\/pages"}],"about":[{"href":"https:\/\/test.dr-claudia-mueller.de\/en\/wp-json\/wp\/v2\/types\/page"}],"author":[{"embeddable":true,"href":"https:\/\/test.dr-claudia-mueller.de\/en\/wp-json\/wp\/v2\/users\/1"}],"replies":[{"embeddable":true,"href":"https:\/\/test.dr-claudia-mueller.de\/en\/wp-json\/wp\/v2\/comments?post=208"}],"version-history":[{"count":6,"href":"https:\/\/test.dr-claudia-mueller.de\/en\/wp-json\/wp\/v2\/pages\/208\/revisions"}],"predecessor-version":[{"id":275,"href":"https:\/\/test.dr-claudia-mueller.de\/en\/wp-json\/wp\/v2\/pages\/208\/revisions\/275"}],"wp:attachment":[{"href":"https:\/\/test.dr-claudia-mueller.de\/en\/wp-json\/wp\/v2\/media?parent=208"}],"curies":[{"name":"wp","href":"https:\/\/api.w.org\/{rel}","templated":true}]}}