{"id":2,"date":"2022-11-21T15:26:54","date_gmt":"2022-11-21T14:26:54","guid":{"rendered":"http:\/\/test.dr-claudia-mueller.de\/?page_id=2"},"modified":"2024-03-25T17:42:25","modified_gmt":"2024-03-25T16:42:25","slug":"home","status":"publish","type":"page","link":"https:\/\/test.dr-claudia-mueller.de\/tr\/","title":{"rendered":"Home"},"content":{"rendered":"<div class=\"wpb-content-wrapper\"><p>[vc_row][vc_column][vc_column_text]<\/p>\n<figure class=\"wp-block-image size-full is-resized hide-mobile-content\"><img loading=\"lazy\" decoding=\"async\" width=\"2560\" height=\"991\" class=\"wp-image-56\" style=\"width: 1004px; height: auto;\" src=\"https:\/\/test.dr-claudia-mueller.de\/wp-content\/uploads\/2024\/02\/header-scaled.jpg\" alt=\"\" srcset=\"https:\/\/test.dr-claudia-mueller.de\/wp-content\/uploads\/2024\/02\/header-scaled.jpg 2560w, https:\/\/test.dr-claudia-mueller.de\/wp-content\/uploads\/2024\/02\/header-300x116.jpg 300w, https:\/\/test.dr-claudia-mueller.de\/wp-content\/uploads\/2024\/02\/header-1024x396.jpg 1024w, https:\/\/test.dr-claudia-mueller.de\/wp-content\/uploads\/2024\/02\/header-768x297.jpg 768w, https:\/\/test.dr-claudia-mueller.de\/wp-content\/uploads\/2024\/02\/header-1536x595.jpg 1536w, https:\/\/test.dr-claudia-mueller.de\/wp-content\/uploads\/2024\/02\/header-2048x793.jpg 2048w\" sizes=\"auto, (max-width: 2560px) 100vw, 2560px\" \/><\/figure>\n\n\n<h1 class=\"wp-block-heading has-text-align-center hide-mobile-content\">Dr. Claudia M\u00fcller<br \/>Frauen\u00e4rztin aus Berlin-Mitte<\/h1>\n\n\n<div class=\"wp-block-spacer hide-mobile-content\" style=\"height: 30px;\" aria-hidden=\"true\">\u00a0<\/div>\n\n\n<div class=\"wp-block-cover is-light has-custom-content-position is-position-bottom-center top-banner\">\n<p><img loading=\"lazy\" decoding=\"async\" width=\"2560\" height=\"991\" class=\"wp-block-cover__image-background wp-image-115\" style=\"object-position: 50% 50%;\" src=\"https:\/\/test.dr-claudia-mueller.de\/wp-content\/uploads\/2024\/02\/crop-0-0-2560-991-0-header-scaled.jpg\" alt=\"\" data-object-fit=\"cover\" data-object-position=\"50% 50%\" srcset=\"https:\/\/test.dr-claudia-mueller.de\/wp-content\/uploads\/2024\/02\/crop-0-0-2560-991-0-header-scaled.jpg 2560w, https:\/\/test.dr-claudia-mueller.de\/wp-content\/uploads\/2024\/02\/crop-0-0-2560-991-0-header-scaled-300x116.jpg 300w, https:\/\/test.dr-claudia-mueller.de\/wp-content\/uploads\/2024\/02\/crop-0-0-2560-991-0-header-scaled-1024x396.jpg 1024w, https:\/\/test.dr-claudia-mueller.de\/wp-content\/uploads\/2024\/02\/crop-0-0-2560-991-0-header-scaled-768x297.jpg 768w, https:\/\/test.dr-claudia-mueller.de\/wp-content\/uploads\/2024\/02\/crop-0-0-2560-991-0-header-scaled-1536x595.jpg 1536w, https:\/\/test.dr-claudia-mueller.de\/wp-content\/uploads\/2024\/02\/crop-0-0-2560-991-0-header-scaled-2048x793.jpg 2048w\" sizes=\"auto, (max-width: 2560px) 100vw, 2560px\" \/><\/p>\n<div class=\"wp-block-cover__inner-container is-layout-constrained wp-block-cover-is-layout-constrained\"><br \/><a name=\"oeffnungzeiten\"><\/a><br \/>\n\n<div class=\"wp-block-columns alignfull is-bottom is-layout-flex wp-container-core-columns-is-layout-9d6595d7 wp-block-columns-is-layout-flex\">\n<div class=\"wp-block-column no-mobile is-layout-flow wp-block-column-is-layout-flow\" style=\"flex-basis: 3%;\">\u00a0<\/div>\n\n\n<div class=\"wp-block-column has-medicenter-light-blue-background-color has-text-color has-background has-link-color wp-elements-a5c79adb6b5cb5f82e804fbc36141f91 is-layout-flow wp-block-column-is-layout-flow\" style=\"color: #ffffff;\">\n<figure class=\"wp-block-table is-style-stripes table-white-trans coblocks-animate has-small-font-size\">\n<table class=\"has-text-color has-link-color\" style=\"color: #ffffff;\">\n<thead>\n<tr>\n<th class=\"has-text-align-left\" colspan=\"2\" data-align=\"left\"><strong>\u00d6ffnungszeiten<\/strong><\/th>\n<\/tr>\n<\/thead>\n<tbody>\n<tr>\n<td class=\"has-text-align-left\" data-align=\"left\">Montag<\/td>\n<td>9 &#8211; 13 + 14 &#8211; 18 Uhr<\/td>\n<\/tr>\n<tr>\n<td class=\"has-text-align-left\" data-align=\"left\">Dienstag<\/td>\n<td>8:45 &#8211; 13 Uhr<\/td>\n<\/tr>\n<tr>\n<td class=\"has-text-align-left\" data-align=\"left\">Mittwoch<\/td>\n<td>8:45 &#8211; 13 Uhr<\/td>\n<\/tr>\n<tr>\n<td class=\"has-text-align-left\" data-align=\"left\">Donnerstag<\/td>\n<td>13:45 &#8211; 19 Uhr<\/td>\n<\/tr>\n<tr>\n<td class=\"has-text-align-left\" data-align=\"left\">Freitag<\/td>\n<td>8:45 &#8211; 12 Uhr<\/td>\n<\/tr>\n<\/tbody>\n<\/table>\n<\/figure>\n\n<\/div>\n\n\n<div class=\"wp-block-column has-medicenter-blue-background-color has-text-color has-background has-link-color wp-elements-5ba1a0f5097a762aa9dbcbcbf4d38d36 is-layout-flow wp-block-column-is-layout-flow\" style=\"color: #ffffff;\">\n<figure class=\"wp-block-table is-style-stripes table-white-trans coblocks-animate\">\n<table>\n<thead>\n<tr>\n<th class=\"has-text-align-left\" data-align=\"left\"><strong>Termin buchen<\/strong><\/th>\n<\/tr>\n<\/thead>\n<tbody>\n<tr>\n<td class=\"has-text-align-left\" data-align=\"left\">Telefon 030 69 04 23 42<\/td>\n<\/tr>\n<tr>\n<td class=\"has-text-align-left\" data-align=\"left\">\u00a0<\/td>\n<\/tr>\n<tr>\n<td class=\"has-text-align-left\" data-align=\"left\"><a href=\"https:\/\/www.doctolib.de\/frauenarzt\/berlin\/claudia-muller\">Termin online buchen &gt;&gt;<\/a><br \/><span style=\"font-size: 90%;\">Neupatientinnen bitte erst in der Praxis melden<\/span><\/td>\n<\/tr>\n<\/tbody>\n<\/table>\n<\/figure>\n\n<\/div>\n\n\n<div class=\"wp-block-column has-medicenter-dark-blue-background-color has-text-color has-background has-link-color wp-elements-83c13803ba568444b11a0a370e74bcb7 is-layout-flow wp-block-column-is-layout-flow\" style=\"color: #ffffff;\">\n<figure class=\"wp-block-table is-style-stripes table-white-trans coblocks-animate\">\n<table>\n<thead>\n<tr>\n<th class=\"has-text-align-left\" data-align=\"left\"><strong>Adresse<\/strong><\/th>\n<\/tr>\n<\/thead>\n<tbody>\n<tr>\n<td class=\"has-text-align-left\" data-align=\"left\">Heinrich-Heine-Stra\u00dfe 15<br \/>10179 Berlin<\/td>\n<\/tr>\n<tr>\n<td class=\"has-text-align-left\" data-align=\"left\">\u00a0<\/td>\n<\/tr>\n<tr>\n<td class=\"has-text-align-left\" data-align=\"left\"><a href=\"\/index.php#anfahrt\">Anfahrt \/ Routenplaner &gt;&gt;<\/a><\/td>\n<\/tr>\n<\/tbody>\n<\/table>\n<\/figure>\n\n<\/div>\n\n\n<div class=\"wp-block-column no-mobile is-layout-flow wp-block-column-is-layout-flow\" style=\"flex-basis: 27%;\">\u00a0<\/div>\n\n<\/div>\n\n<\/div>\n<\/div>\n\n\n<div class=\"wp-block-spacer mt-0\" style=\"height: 55px;\" aria-hidden=\"true\">\u00a0<\/div>\n\n\n<div class=\"wp-block-columns is-layout-flex wp-container-core-columns-is-layout-9d6595d7 wp-block-columns-is-layout-flex\">\n<div class=\"wp-block-column is-vertically-aligned-center is-layout-flow wp-block-column-is-layout-flow\" style=\"flex-basis: 33.33%;\">\n<h2 class=\"wp-block-heading has-text-align-center has-medicenter-blue-color has-text-color has-link-color wp-elements-a465728e3473e1de5efe00bb4f8ccc06\">Herzlich willkommen!<\/h2>\n\n<\/div>\n\n\n<div class=\"wp-block-column is-layout-flow wp-block-column-is-layout-flow\" style=\"flex-basis: 66.66%;\">\n<p>Sie als Patientin stehen f\u00fcr uns im Mittelpunkt und sind in unserer Praxis immer willkommen. Wir sind ein eingespieltes und kompetentes Team, das sich stets den neuen Herausforderungen stellt. Mit regelm\u00e4\u00dfigen Fort- und Weiterbildungen sichern wir einen hohen Qualit\u00e4tsstandard. Wir verstehen uns als ganzheitlich orientierte Praxis und bieten Ihnen Gesundheitsleistungen \u00fcber die \u00fcbliche ambulante Basisversorgung hinaus an.<br \/>Gerne informieren wir Sie umfassend \u00fcber die modernen M\u00f6glichkeiten von Diagnostik und Therapie auf dem Gebiet der Frauenheilkunde und Geburtshilfe.<\/p>\n\n<\/div>\n\n<\/div>\n\n\n<div class=\"wp-block-spacer\" style=\"height: 55px;\" aria-hidden=\"true\">\u00a0<\/div>\n\n\n<div class=\"wp-block-columns is-layout-flex wp-container-core-columns-is-layout-9d6595d7 wp-block-columns-is-layout-flex\">\n<\/p>\n<div class=\"wp-block-column is-layout-flow wp-block-column-is-layout-flow\"><p><a href=\"\/krebsvorsorge\/\"><\/p>\n<figure class=\"wp-block-image size-full is-resized home-image-gallery\"><img loading=\"lazy\" decoding=\"async\" width=\"328\" height=\"220\" class=\"wp-image-50\" style=\"width: 387px; height: auto;\" src=\"https:\/\/test.dr-claudia-mueller.de\/wp-content\/uploads\/2024\/02\/krebsvorsorge.jpg\" alt=\"\" srcset=\"https:\/\/test.dr-claudia-mueller.de\/wp-content\/uploads\/2024\/02\/krebsvorsorge.jpg 328w, https:\/\/test.dr-claudia-mueller.de\/wp-content\/uploads\/2024\/02\/krebsvorsorge-300x201.jpg 300w, https:\/\/test.dr-claudia-mueller.de\/wp-content\/uploads\/2024\/02\/krebsvorsorge-285x190.jpg 285w\" sizes=\"auto, (max-width: 328px) 100vw, 328px\" \/><\/p>\n<figcaption class=\"wp-element-caption\">Krebsvorsorge<\/figcaption>\n<\/figure>\n<p><\/a><br \/>\n\n<\/div>\n\n\n<div class=\"wp-block-column is-layout-flow wp-block-column-is-layout-flow\"><p><a href=\"\/impfungen\/\"><\/p>\n<figure class=\"wp-block-image size-full is-resized home-image-gallery\"><img loading=\"lazy\" decoding=\"async\" width=\"373\" height=\"249\" class=\"wp-image-53\" style=\"width: 388px; height: auto;\" src=\"https:\/\/test.dr-claudia-mueller.de\/wp-content\/uploads\/2024\/02\/impfungen.jpg\" alt=\"\" srcset=\"https:\/\/test.dr-claudia-mueller.de\/wp-content\/uploads\/2024\/02\/impfungen.jpg 373w, https:\/\/test.dr-claudia-mueller.de\/wp-content\/uploads\/2024\/02\/impfungen-300x200.jpg 300w, https:\/\/test.dr-claudia-mueller.de\/wp-content\/uploads\/2024\/02\/impfungen-285x190.jpg 285w\" sizes=\"auto, (max-width: 373px) 100vw, 373px\" \/><\/p>\n<figcaption class=\"wp-element-caption\">Impfungen<\/figcaption>\n<\/figure>\n<p><\/a><br \/>\n\n<\/div>\n\n\n<div class=\"wp-block-column is-layout-flow wp-block-column-is-layout-flow\"><p><a href=\"\/teenager\/\"><\/p>\n<figure class=\"wp-block-image size-full is-resized home-image-gallery\"><img loading=\"lazy\" decoding=\"async\" width=\"328\" height=\"219\" class=\"wp-image-52\" style=\"width: 388px; height: auto;\" src=\"https:\/\/test.dr-claudia-mueller.de\/wp-content\/uploads\/2024\/02\/teenager.jpg\" alt=\"\" srcset=\"https:\/\/test.dr-claudia-mueller.de\/wp-content\/uploads\/2024\/02\/teenager.jpg 328w, https:\/\/test.dr-claudia-mueller.de\/wp-content\/uploads\/2024\/02\/teenager-300x200.jpg 300w, https:\/\/test.dr-claudia-mueller.de\/wp-content\/uploads\/2024\/02\/teenager-285x190.jpg 285w\" sizes=\"auto, (max-width: 328px) 100vw, 328px\" \/><\/p>\n<figcaption class=\"wp-element-caption\">Teenager<\/figcaption>\n<\/figure>\n<p><\/a><br \/>\n\n<\/div>\n<p>\n<\/div>\n\n\n<div class=\"wp-block-columns is-layout-flex wp-container-core-columns-is-layout-9d6595d7 wp-block-columns-is-layout-flex\">\n<\/p>\n<div class=\"wp-block-column is-layout-flow wp-block-column-is-layout-flow\"><p><a href=\"\/familienplanung\/\"><\/p>\n<figure class=\"wp-block-image size-full is-resized home-image-gallery\"><img loading=\"lazy\" decoding=\"async\" width=\"373\" height=\"248\" class=\"wp-image-54\" style=\"width: 387px; height: auto;\" src=\"https:\/\/test.dr-claudia-mueller.de\/wp-content\/uploads\/2024\/02\/familienplanung.jpg\" alt=\"\" srcset=\"https:\/\/test.dr-claudia-mueller.de\/wp-content\/uploads\/2024\/02\/familienplanung.jpg 373w, https:\/\/test.dr-claudia-mueller.de\/wp-content\/uploads\/2024\/02\/familienplanung-300x199.jpg 300w, https:\/\/test.dr-claudia-mueller.de\/wp-content\/uploads\/2024\/02\/familienplanung-285x190.jpg 285w\" sizes=\"auto, (max-width: 373px) 100vw, 373px\" \/><\/p>\n<figcaption class=\"wp-element-caption\">Familienplanung<\/figcaption>\n<\/figure>\n<p><\/a><br \/>\n\n<\/div>\n\n\n<div class=\"wp-block-column is-layout-flow wp-block-column-is-layout-flow\"><p><a href=\"\/schwangerschaft\/\"><\/p>\n<figure class=\"wp-block-image size-full is-resized home-image-gallery\"><img loading=\"lazy\" decoding=\"async\" width=\"374\" height=\"249\" class=\"wp-image-49\" style=\"width: 388px; height: auto;\" src=\"https:\/\/test.dr-claudia-mueller.de\/wp-content\/uploads\/2024\/02\/schwangerschaft.jpg\" alt=\"\" srcset=\"https:\/\/test.dr-claudia-mueller.de\/wp-content\/uploads\/2024\/02\/schwangerschaft.jpg 374w, https:\/\/test.dr-claudia-mueller.de\/wp-content\/uploads\/2024\/02\/schwangerschaft-300x200.jpg 300w, https:\/\/test.dr-claudia-mueller.de\/wp-content\/uploads\/2024\/02\/schwangerschaft-285x190.jpg 285w\" sizes=\"auto, (max-width: 374px) 100vw, 374px\" \/><\/p>\n<figcaption class=\"wp-element-caption\">Schwangerschaft<\/figcaption>\n<\/figure>\n<p><\/a><br \/>\n\n<\/div>\n\n\n<div class=\"wp-block-column is-layout-flow wp-block-column-is-layout-flow\"><p><a href=\"\/wechseljahre\/\"><\/p>\n<figure class=\"wp-block-image size-full is-resized home-image-gallery\"><img loading=\"lazy\" decoding=\"async\" width=\"374\" height=\"249\" class=\"wp-image-51\" style=\"width: 388px; height: auto;\" src=\"https:\/\/test.dr-claudia-mueller.de\/wp-content\/uploads\/2024\/02\/wechseljahre.jpg\" alt=\"\" srcset=\"https:\/\/test.dr-claudia-mueller.de\/wp-content\/uploads\/2024\/02\/wechseljahre.jpg 374w, https:\/\/test.dr-claudia-mueller.de\/wp-content\/uploads\/2024\/02\/wechseljahre-300x200.jpg 300w, https:\/\/test.dr-claudia-mueller.de\/wp-content\/uploads\/2024\/02\/wechseljahre-285x190.jpg 285w\" sizes=\"auto, (max-width: 374px) 100vw, 374px\" \/><\/p>\n<figcaption class=\"wp-element-caption\">Wechseljahre<\/figcaption>\n<\/figure>\n<p><\/a><br \/>\n\n<\/div>\n<p>\n<\/div>\n\n\n<div class=\"wp-block-spacer\" style=\"height: 55px;\" aria-hidden=\"true\">\u00a0<\/div>\n\n\n<div class=\"wp-block-columns is-layout-flex wp-container-core-columns-is-layout-9d6595d7 wp-block-columns-is-layout-flex\">\n<div class=\"wp-block-column is-layout-flow wp-block-column-is-layout-flow\" style=\"flex-basis: 100%;\"><br \/><a name=\"anfahrt\"><\/a><br \/>\n<div id=\"wpgmza_map_1\" class=\"wpgmza_map wpgmza-auto-left\" style=\"display:block;width:100%;height:400px;overflow:hidden;position:relative;\" data-map-id=\"1\" data-maps-engine=\"open-layers\" data-build-engine=\"atlas-novus\" data-shortcode-attributes=\"{&quot;id&quot;:&quot;1&quot;,&quot;zoom&quot;:false,&quot;width&quot;:false,&quot;height&quot;:false,&quot;marker&quot;:false,&quot;classname&quot;:false}\" data-settings=\"{&quot;map_title&quot;:&quot;Praxis&quot;,&quot;map_width&quot;:&quot;100&quot;,&quot;map_height&quot;:&quot;400&quot;,&quot;map_start_lat&quot;:&quot;52.50760243686764&quot;,&quot;map_start_lng&quot;:&quot;13.414115732690373&quot;,&quot;map_start_location&quot;:&quot;45.950464398418106,-109.81550500000003&quot;,&quot;map_start_zoom&quot;:&quot;17&quot;,&quot;default_marker&quot;:&quot;&quot;,&quot;type&quot;:&quot;1&quot;,&quot;alignment&quot;:&quot;4&quot;,&quot;directions_enabled&quot;:&quot;0&quot;,&quot;styling_enabled&quot;:&quot;0&quot;,&quot;styling_json&quot;:&quot;&quot;,&quot;active&quot;:&quot;0&quot;,&quot;kml&quot;:&quot;&quot;,&quot;bicycle&quot;:&quot;0&quot;,&quot;traffic&quot;:&quot;0&quot;,&quot;dbox&quot;:&quot;0&quot;,&quot;dbox_width&quot;:&quot;&quot;,&quot;listmarkers&quot;:&quot;0&quot;,&quot;listmarkers_advanced&quot;:&quot;0&quot;,&quot;filterbycat&quot;:&quot;0&quot;,&quot;ugm_enabled&quot;:&quot;0&quot;,&quot;ugm_category_enabled&quot;:&quot;0&quot;,&quot;fusion&quot;:&quot;&quot;,&quot;map_width_type&quot;:&quot;%&quot;,&quot;map_height_type&quot;:&quot;px&quot;,&quot;mass_marker_support&quot;:&quot;0&quot;,&quot;ugm_access&quot;:&quot;0&quot;,&quot;order_markers_by&quot;:&quot;0&quot;,&quot;order_markers_choice&quot;:&quot;0&quot;,&quot;show_user_location&quot;:&quot;0&quot;,&quot;default_to&quot;:&quot;&quot;,&quot;map_type&quot;:1,&quot;sl_stroke_color&quot;:&quot;&quot;,&quot;sl_fill_color&quot;:&quot;&quot;,&quot;sl_stroke_opacity&quot;:&quot;&quot;,&quot;sl_fill_opacity&quot;:&quot;&quot;,&quot;transport_layer&quot;:false,&quot;action&quot;:&quot;wpgmza_save_map&quot;,&quot;redirect_to&quot;:&quot;\\\/wp-admin\\\/admin-post.php&quot;,&quot;map_id&quot;:&quot;1&quot;,&quot;wpgmza_savemap&quot;:&quot;Karte speichern&quot;,&quot;http_referer&quot;:&quot;\\\/wp-admin\\\/admin.php?page=wp-google-maps-menu&amp;amp;action=edit&amp;amp;map_id=1&quot;,&quot;wpgmza_id&quot;:&quot;1&quot;,&quot;wpgmza_start_location&quot;:&quot;52.50760243686764,13.414115732690373&quot;,&quot;wpgmza_start_zoom&quot;:&quot;17&quot;,&quot;wpgmza_map_align&quot;:&quot;1&quot;,&quot;store_locator_enabled&quot;:false,&quot;store_locator_distance&quot;:false,&quot;store_locator_search_area&quot;:&quot;radial&quot;,&quot;wpgmza_store_locator_default_radius&quot;:&quot;10&quot;,&quot;store_locator_auto_area_max_zoom&quot;:&quot;&quot;,&quot;wpgmza_store_locator_radius_style&quot;:&quot;legacy&quot;,&quot;store_locator_component_anchor&quot;:&quot;0&quot;,&quot;wpgmza_store_locator_bounce&quot;:false,&quot;wpgmza_sl_animation&quot;:null,&quot;store_locator_query_string&quot;:&quot;&quot;,&quot;store_locator_location_placeholder&quot;:&quot;&quot;,&quot;store_locator_default_address&quot;:&quot;&quot;,&quot;store_locator_name_search&quot;:false,&quot;store_locator_name_string&quot;:&quot;&quot;,&quot;store_locator_not_found_message&quot;:&quot;&quot;,&quot;store_locator_show_distance&quot;:false,&quot;store_locator_category&quot;:false,&quot;wpgmza_store_locator_use_their_location&quot;:false,&quot;wpgmza_store_locator_hide_before_search&quot;:false,&quot;store_locator_nearby_searches&quot;:false,&quot;wpgmza_theme_data&quot;:&quot;[{\\&quot;featureType\\&quot;:\\&quot;landscape\\&quot;,\\&quot;stylers\\&quot;:[{\\&quot;saturation\\&quot;:-100},{\\&quot;lightness\\&quot;:65},{\\&quot;visibility\\&quot;:\\&quot;on\\&quot;}]},{\\&quot;featureType\\&quot;:\\&quot;poi\\&quot;,\\&quot;stylers\\&quot;:[{\\&quot;saturation\\&quot;:-100},{\\&quot;lightness\\&quot;:51},{\\&quot;visibility\\&quot;:\\&quot;simplified\\&quot;}]},{\\&quot;featureType\\&quot;:\\&quot;road.highway\\&quot;,\\&quot;stylers\\&quot;:[{\\&quot;saturation\\&quot;:-100},{\\&quot;visibility\\&quot;:\\&quot;simplified\\&quot;}]},{\\&quot;featureType\\&quot;:\\&quot;road.arterial\\&quot;,\\&quot;stylers\\&quot;:[{\\&quot;saturation\\&quot;:-100},{\\&quot;lightness\\&quot;:30},{\\&quot;visibility\\&quot;:\\&quot;on\\&quot;}]},{\\&quot;featureType\\&quot;:\\&quot;road.local\\&quot;,\\&quot;stylers\\&quot;:[{\\&quot;saturation\\&quot;:-100},{\\&quot;lightness\\&quot;:40},{\\&quot;visibility\\&quot;:\\&quot;on\\&quot;}]},{\\&quot;featureType\\&quot;:\\&quot;transit\\&quot;,\\&quot;stylers\\&quot;:[{\\&quot;saturation\\&quot;:-100},{\\&quot;visibility\\&quot;:\\&quot;simplified\\&quot;}]},{\\&quot;featureType\\&quot;:\\&quot;administrative.province\\&quot;,\\&quot;stylers\\&quot;:[{\\&quot;visibility\\&quot;:\\&quot;off\\&quot;}]},{\\&quot;featureType\\&quot;:\\&quot;water\\&quot;,\\&quot;elementType\\&quot;:\\&quot;labels\\&quot;,\\&quot;stylers\\&quot;:[{\\&quot;visibility\\&quot;:\\&quot;on\\&quot;},{\\&quot;lightness\\&quot;:-25},{\\&quot;saturation\\&quot;:-100}]},{\\&quot;featureType\\&quot;:\\&quot;water\\&quot;,\\&quot;elementType\\&quot;:\\&quot;geometry\\&quot;,\\&quot;stylers\\&quot;:[{\\&quot;hue\\&quot;:\\&quot;#ffff00\\&quot;},{\\&quot;lightness\\&quot;:-25},{\\&quot;saturation\\&quot;:-97}]}]&quot;,&quot;custom_tile_enabled&quot;:false,&quot;custom_tile_image&quot;:&quot;&quot;,&quot;custom_tile_image_width&quot;:&quot;&quot;,&quot;custom_tile_image_height&quot;:&quot;&quot;,&quot;custom_tile_image_attribution&quot;:&quot;&quot;,&quot;iw_primary_color&quot;:&quot;#000000&quot;,&quot;iw_accent_color&quot;:&quot;#000000&quot;,&quot;iw_text_color&quot;:&quot;#000000&quot;,&quot;close_infowindow_on_map_click&quot;:false,&quot;marker_share_links&quot;:false,&quot;wpgmza_listmarkers_by&quot;:&quot;0&quot;,&quot;marker_listing_component_anchor&quot;:null,&quot;marker_listing_component_auto_open&quot;:false,&quot;dataTable_pagination_style&quot;:null,&quot;category_filter_component_anchor&quot;:null,&quot;zoom_level_on_marker_listing_override&quot;:false,&quot;zoom_level_on_marker_listing_click&quot;:&quot;&quot;,&quot;marker_listing_disable_zoom&quot;:false,&quot;datatable_no_result_message&quot;:&quot;&quot;,&quot;remove_search_box_datables&quot;:false,&quot;datatable_search_string&quot;:&quot;&quot;,&quot;datatable_result_start&quot;:&quot;&quot;,&quot;datatable_result_of&quot;:&quot;&quot;,&quot;datatable_result_to&quot;:&quot;&quot;,&quot;datatable_result_total&quot;:&quot;&quot;,&quot;datatable_result_show&quot;:&quot;&quot;,&quot;datatable_result_entries&quot;:&quot;&quot;,&quot;category_legends_enabled&quot;:false,&quot;category_legends_component_anchor&quot;:null,&quot;jump_to_nearest_marker_on_initialization&quot;:false,&quot;click_open_link&quot;:false,&quot;wpgmza_zoom_on_marker_click&quot;:false,&quot;wpgmza_zoom_on_marker_click_slider&quot;:&quot;&quot;,&quot;polygon_labels&quot;:false,&quot;disable_polygon_info_windows&quot;:false,&quot;fit_maps_bounds_to_markers&quot;:false,&quot;fit_maps_bounds_to_markers_after_filtering&quot;:false,&quot;automatically_pan_to_users_location&quot;:false,&quot;override_users_location_zoom_level&quot;:false,&quot;override_users_location_zoom_levels&quot;:&quot;&quot;,&quot;show_distance_from_location&quot;:false,&quot;map_starts_in_streetview&quot;:false,&quot;map_starts_in_streetview_location&quot;:&quot;&quot;,&quot;map_starts_in_streetview_heading&quot;:&quot;&quot;,&quot;map_starts_in_streetview_pitch&quot;:&quot;&quot;,&quot;map_max_zoom&quot;:&quot;21&quot;,&quot;map_min_zoom&quot;:&quot;0&quot;,&quot;hide_point_of_interest&quot;:false,&quot;disable_lightbox_images&quot;:false,&quot;use_Raw_Jpeg_Coordinates&quot;:false,&quot;enable_marker_ratings&quot;:false,&quot;only_load_markers_within_viewport&quot;:false,&quot;wpgmza_ol_tile_filter&quot;:&quot;none&quot;,&quot;id&quot;:1}\" ><\/div>\n<\/div>\n\n<\/div>\n\n<p>&nbsp;<\/p>\n<p>[\/vc_column_text][\/vc_column][\/vc_row]<\/p>\n<\/div>","protected":false},"excerpt":{"rendered":"<p>[vc_row][vc_column][vc_column_text] Dr. Claudia M\u00fcllerFrauen\u00e4rztin aus Berlin-Mitte Herzlich willkommen! Sie als Patientin stehen f\u00fcr uns im Mittelpunkt und sind in unserer Praxis immer willkommen. Wir sind ein eingespieltes und kompetentes Team, das sich stets den neuen Herausforderungen stellt. Mit regelm\u00e4\u00dfigen Fort- und Weiterbildungen sichern wir einen hohen Qualit\u00e4tsstandard. Wir verstehen uns als ganzheitlich orientierte Praxis und<\/p>\n","protected":false},"author":1,"featured_media":0,"parent":0,"menu_order":0,"comment_status":"closed","ping_status":"closed","template":"","meta":{"footnotes":""},"class_list":["post-2","page","type-page","status-publish","hentry"],"translation":{"provider":"WPGlobus","version":"3.0.2","language":"tr","enabled_languages":["de","en","tr"],"languages":{"de":{"title":true,"content":true,"excerpt":false},"en":{"title":false,"content":false,"excerpt":false},"tr":{"title":false,"content":false,"excerpt":false}}},"_links":{"self":[{"href":"https:\/\/test.dr-claudia-mueller.de\/tr\/wp-json\/wp\/v2\/pages\/2","targetHints":{"allow":["GET"]}}],"collection":[{"href":"https:\/\/test.dr-claudia-mueller.de\/tr\/wp-json\/wp\/v2\/pages"}],"about":[{"href":"https:\/\/test.dr-claudia-mueller.de\/tr\/wp-json\/wp\/v2\/types\/page"}],"author":[{"embeddable":true,"href":"https:\/\/test.dr-claudia-mueller.de\/tr\/wp-json\/wp\/v2\/users\/1"}],"replies":[{"embeddable":true,"href":"https:\/\/test.dr-claudia-mueller.de\/tr\/wp-json\/wp\/v2\/comments?post=2"}],"version-history":[{"count":45,"href":"https:\/\/test.dr-claudia-mueller.de\/tr\/wp-json\/wp\/v2\/pages\/2\/revisions"}],"predecessor-version":[{"id":267,"href":"https:\/\/test.dr-claudia-mueller.de\/tr\/wp-json\/wp\/v2\/pages\/2\/revisions\/267"}],"wp:attachment":[{"href":"https:\/\/test.dr-claudia-mueller.de\/tr\/wp-json\/wp\/v2\/media?parent=2"}],"curies":[{"name":"wp","href":"https:\/\/api.w.org\/{rel}","templated":true}]}}