{"id":210,"date":"2024-02-10T14:57:02","date_gmt":"2024-02-10T13:57:02","guid":{"rendered":"https:\/\/test.dr-claudia-mueller.de\/?page_id=210"},"modified":"2024-03-26T12:54:35","modified_gmt":"2024-03-26T11:54:35","slug":"teenager","status":"publish","type":"page","link":"https:\/\/test.dr-claudia-mueller.de\/tr\/teenager\/","title":{"rendered":"Gen\u00e7"},"content":{"rendered":"<div class=\"wpb-content-wrapper\"><p>[vc_row][vc_column][vc_column_text]<\/p>\n<h1>Teenager<\/h1>\n<p>[\/vc_column_text][\/vc_column][\/vc_row][vc_row][vc_column][vc_column_text]<\/p>\n<h3>Erster Besuch beim Frauenarzt<\/h3>\n<p>Ob mit der Mutter oder allein \u2013 wer m\u00f6chte nicht gern vorbereitet sein?<\/p>\n<h3>Das erste Mal &#8230;<\/h3>\n<p>Ein Gespr\u00e4ch vorher bei der Frauen\u00e4rztin w\u00e4re sehr sinnvoll. Denn da gibt es einiges zu besprechen &#8230;<\/p>\n<h3>Geschlechtskrankheiten<\/h3>\n<p>HIV ist jedem ein Begriff und immer noch aktuell! Aber es gibt auch noch andere \u00fcbertragbare Krankheiten wie z.B. Chlamydieninfektion, Hepatitis, Feigwarzen &#8230;<\/p>\n<h3>Chlamydienscreening<\/h3>\n<p>Seit 2008 k\u00f6nnen alle Frauen unter 25 Jahre einmal j\u00e4hrlich eine Untersuchung auf eine Chlamydieninfektion, die immerhin zur Unfruchtbarkeit f\u00fchren kann, durchf\u00fchren lassen. Wir bieten diese einfach mit einer Urinprobe durchzuf\u00fchrende Untersuchung in unserer Praxis an.<\/p>\n<h2><span style=\"color: #265dab;\">Verh\u00fctung<\/span><\/h2>\n<p>Es gibt eine Reihe von M\u00f6glichkeiten zur Verh\u00fctung. Wichtig f\u00fcr die Wahl ist, ob eine Risikosituation bez\u00fcglich einer Thrombose oder Embolie besteht, wie sicher die Methode sein soll, ob ein zus\u00e4tzlicher Schutz vor Geschlechtskrankheiten gew\u00fcnscht wird, ob man von einen positiven Effekt auf Haut oder Regelschmerzen profitieren m\u00f6chte, ob es sich um eine Langzeitverh\u00fctung handeln soll und auch ob man schon ein Kind zur Welt gebracht hat. Je nach Lebenssituation kann sich also auch die Vorstellung \u00fcber die \u201erichtige\u201c Verh\u00fctungsmethode \u00e4ndern.<\/p>\n<h4>Zu den sicheren Methoden z\u00e4hlen:<\/h4>\n<p><span style=\"color: #265dab;\">\u21d2<\/span> die weitverbreitete \u201ePille\u201c<br \/>\n<span style=\"color: #265dab;\">\u21d2<\/span> Verh\u00fctungsring oder -pflaster<br \/>\n<span style=\"color: #265dab;\">\u21d2<\/span> \u00f6strogenfreie Verh\u00fctung: Minipille, Dreimonatsspritze, Verh\u00fctungsst\u00e4bchen<br \/>\n<span style=\"color: #265dab;\">\u21d2<\/span> Spirale (Kupferspirale, Hormonspirale)<br \/>\n<span style=\"color: #265dab;\">\u21d2<\/span> Kupferkette<br \/>\n<span style=\"color: #265dab;\">\u21d2<\/span> Sterilisation<\/p>\n<h4>Dar\u00fcber hinaus gibt es auch die als unsicherer beschriebenen Methoden:<\/h4>\n<p><span style=\"color: #265dab;\">\u21d2<\/span> mechanische Verh\u00fctung (Kondome, Diaphragma ,Portiokappe)<br \/>\n<span style=\"color: #265dab;\">\u21d2<\/span> Zeitwahlmethode (Ogino-Knaus, Computer wie z.B. Persona)<br \/>\n<span style=\"color: #265dab;\">\u21d2<\/span> Beobachtung des Cervixschleims (Billings Methode)<br \/>\n<span style=\"color: #265dab;\">\u21d2<\/span> Koitus interruptus<br \/>\n<span style=\"color: #265dab;\">\u21d2<\/span> chemische Verh\u00fctungsmethoden<\/p>\n<h2><span style=\"color: #265dab;\">Individuelle Gesundheitsleistungen: Verh\u00fctung<\/span><\/h2>\n<p>Individuelle Gesundheitsleistungen sind \u00fcber den Rahmen der Gesetzlichen Krankenkassen hinausgehende Gesundheitsleistungen, die \u00e4rztlich empfehlenswert und medizinisch vertretbar sind, aber nicht zu Lasten der Krankenkasse erbracht werden. Sie werden als Privatleistungen nach der Geb\u00fchrenordnung f\u00fcr \u00c4rzte (GO\u00c4) berechnet.<\/p>\n<h4>Folgende Untersuchungsmethoden bieten wir in unserer Praxis an<\/h4>\n<p><span style=\"color: #265dab;\">\u21d2<\/span> Einsetzen der Hormonspirale<br \/>\n<span style=\"color: #265dab;\">\u21d2<\/span> Einsetzen der Kupferspirale<br \/>\n<span style=\"color: #265dab;\">\u21d2<\/span> Einsetzen des Verh\u00fctungsst\u00e4bchen<br \/>\n<span style=\"color: #265dab;\">\u21d2<\/span> Anpassung des Diaphragmas<br \/>\n<span style=\"color: #265dab;\">\u21d2<\/span> Injektion der 3-Monatsspritze<\/p>\n<h2><span style=\"color: #265dab;\">Individuelle Gesundheitsleistungen: Labor<\/span><\/h2>\n<p>Individuelle Gesundheitsleistungen sind \u00fcber den Rahmen der Gesetzlichen Krankenkassen hinausgehende Gesundheitsleistungen, die \u00e4rztlich empfehlenswert und medizinisch vertretbar sind, aber nicht zu Lasten der Krankenkasse erbracht werden. Sie werden als Privatleistungen nach der Geb\u00fchrenordnung f\u00fcr \u00c4rzte (GO\u00c4) berechnet.<\/p>\n<h3>HPV Test<\/h3>\n<p>wichtige Zusatzuntersuchung zum Ausschluss von humane Papilloma Viren oder Verlaufskontrolle, da HPV das Risiko fu\u0308r Geba\u0308rmutterhalskrebs erho\u0308hen<\/p>\n<h3>HIV Test<\/h3>\n<p>zu Ihrer Sicherheit und der Ihres Partners<\/p>\n<h3>Chlamydien<\/h3>\n<p>Ausschluss eine unbemerkten Genitalinfektion mit Chlamydien mit daraus resultierendem Sterilita\u0308tsrisikos<\/p>\n<h3>Kyberstatus<\/h3>\n<p>Gesundheit beginnt im Darm \u2013 Diagnostik bei Darmbeschwerden, Allergien oder Abwehrschwa\u0308che<\/p>\n<h3>Vaginalstatus<\/h3>\n<p>erweiterte Diagnostik bei vaginalen Problemen<\/p>\n<h3>Hormonstatus<\/h3>\n<p>Zur Feststellung Ihrer aktuellen hormonellen Situation<\/p>\n<p>Auf Wunsch bieten wir auch weitere Laboruntersuchungen an.[\/vc_column_text][\/vc_column][\/vc_row][vc_row top_margin=&#8221;page-margin-top&#8221;][vc_column][vc_button title=&#8221;Termin buchen&#8221; size=&#8221;large&#8221; icon=&#8221;template-arrow-circle-after&#8221; style=&#8221;dark-color&#8221;][vc_empty_space height=&#8221;100px&#8221;][\/vc_column][\/vc_row][vc_row][vc_column][vc_column_text]<\/p>\n<h2>Herzlich Wilkommen in unserer Praxis<\/h2>\n<p>[\/vc_column_text][\/vc_column][\/vc_row][vc_row][vc_column][vc_masonry_media_grid element_width=&#8221;2&#8243; gap=&#8221;10&#8243; grid_id=&#8221;vc_gid:1711453793212-e27ef75ccbfdd81369d92f59d104ef46-0&#8243; include=&#8221;250,254,256,255,251,252&#8243;][\/vc_column][\/vc_row][vc_row][vc_column][\/vc_column][\/vc_row]<\/p>\n<\/div>","protected":false},"excerpt":{"rendered":"<p>[vc_row][vc_column][vc_column_text] Teenager [\/vc_column_text][\/vc_column][\/vc_row][vc_row][vc_column][vc_column_text] Erster Besuch beim Frauenarzt Ob mit der Mutter oder allein \u2013 wer m\u00f6chte nicht gern vorbereitet sein? Das erste Mal &#8230; Ein Gespr\u00e4ch vorher bei der Frauen\u00e4rztin w\u00e4re sehr sinnvoll. Denn da gibt es einiges zu besprechen &#8230; Geschlechtskrankheiten HIV ist jedem ein Begriff und immer noch aktuell! Aber es gibt auch<\/p>\n","protected":false},"author":1,"featured_media":0,"parent":0,"menu_order":0,"comment_status":"closed","ping_status":"closed","template":"","meta":{"footnotes":""},"class_list":["post-210","page","type-page","status-publish","hentry"],"translation":{"provider":"WPGlobus","version":"3.0.2","language":"tr","enabled_languages":["de","en","tr"],"languages":{"de":{"title":true,"content":true,"excerpt":false},"en":{"title":true,"content":false,"excerpt":false},"tr":{"title":true,"content":false,"excerpt":false}}},"_links":{"self":[{"href":"https:\/\/test.dr-claudia-mueller.de\/tr\/wp-json\/wp\/v2\/pages\/210","targetHints":{"allow":["GET"]}}],"collection":[{"href":"https:\/\/test.dr-claudia-mueller.de\/tr\/wp-json\/wp\/v2\/pages"}],"about":[{"href":"https:\/\/test.dr-claudia-mueller.de\/tr\/wp-json\/wp\/v2\/types\/page"}],"author":[{"embeddable":true,"href":"https:\/\/test.dr-claudia-mueller.de\/tr\/wp-json\/wp\/v2\/users\/1"}],"replies":[{"embeddable":true,"href":"https:\/\/test.dr-claudia-mueller.de\/tr\/wp-json\/wp\/v2\/comments?post=210"}],"version-history":[{"count":8,"href":"https:\/\/test.dr-claudia-mueller.de\/tr\/wp-json\/wp\/v2\/pages\/210\/revisions"}],"predecessor-version":[{"id":277,"href":"https:\/\/test.dr-claudia-mueller.de\/tr\/wp-json\/wp\/v2\/pages\/210\/revisions\/277"}],"wp:attachment":[{"href":"https:\/\/test.dr-claudia-mueller.de\/tr\/wp-json\/wp\/v2\/media?parent=210"}],"curies":[{"name":"wp","href":"https:\/\/api.w.org\/{rel}","templated":true}]}}