{"id":214,"date":"2024-02-10T15:00:35","date_gmt":"2024-02-10T14:00:35","guid":{"rendered":"https:\/\/test.dr-claudia-mueller.de\/?page_id=214"},"modified":"2024-03-25T17:06:10","modified_gmt":"2024-03-25T16:06:10","slug":"familienplanung","status":"publish","type":"page","link":"https:\/\/test.dr-claudia-mueller.de\/tr\/familienplanung\/","title":{"rendered":"Aile Planlamas\u0131"},"content":{"rendered":"<div class=\"wpb-content-wrapper\"><p>[vc_row][vc_column][vc_column_text]<\/p>\n<h1>Leistungsspektrum: Kinderwunsch<\/h1>\n<p>[\/vc_column_text][\/vc_column][\/vc_row][vc_row][vc_column][vc_column_text]Wenn Ihr Kinderwunsch konkret wird oder eventuell auch schon l\u00e4ngere Zeit erfolglos besteht, k\u00f6nnten folgende Informationen f\u00fcr Sie interessant sein:<\/p>\n<p>Zun\u00e4chst sollten Sie mit Ihren Vorsorgeuntersuchungen, einschlie\u00dflich Zahnarzt und Impfungen, auf dem laufenden sein. Gern kontrollieren wir Ihren Impfausweis und f\u00fchren bei Ihnen die m\u00f6glicherweise erforderlichen Impfungen durch.<\/p>\n<p>Empfohlen wird schon vor der Empf\u00e4ngnis zumindest Fols\u00e4ure einzunehmen, da man im Allgemeinen in Deutschland von einem Mangel bei jungen Frauen ausgeht.<\/p>\n<p>Bedenken Sie das es beim Weglassen der Verh\u00fctung sofort oder auch bis zu einem Jahr dauern kann, schwanger zu werden. Wenn es l\u00e4nger als ein Jahr dauert, sollten zus\u00e4tzliche Untersuchungen erfolgen, die wir gemeinsam in der Praxis besprechen. Ursachen f\u00fcr Kinderlosigkeit liegen gleicherma\u00dfen verteilt beim Mann oder bei der Frau. Sie selbst k\u00f6nnen allerdings schon Ihren Zyklus kontrollieren, z.B. mit der Temperaturmethode oder mit einem Fertilit\u00e4tsmonitor wie z.B. Clearblue oder Persona, denn die Eizelle ist nur bis zu 24 Stunden befruchtungsf\u00e4hig.<\/p>\n<p><a href=\"http:\/\/www.profamilia.de\/index.php?id=1\">http:\/\/www.profamilia.de\/index.php?id=1<\/a><br \/>\n<a href=\"http:\/\/www.frauenaerzte-im-netz.de\/de_familienplanung_46.html\">http:\/\/www.frauenaerzte-im-netz.de\/de_familienplanung_46.html<\/a><br \/>\n<a href=\"http:\/\/www.familienplanung.de\/\">http:\/\/www.familienplanung.de\/<\/a><br \/>\n<a href=\"http:\/\/www.eltern.de\/kinderwunsch\">http:\/\/www.eltern.de\/kinderwunsch<\/a><\/p>\n<p>Wenn bei ungewollter Kinderlosigkeit die Basisabkl\u00e4rung erfolgt ist, bleibt Ihnen noch der Weg in eine Fertilit\u00e4tspraxis, in der eine k\u00fcnstliche Befruchtung versucht werden kann. In Berlin gibt es mehrere solcher Praxen.[\/vc_column_text][\/vc_column][\/vc_row][vc_row top_margin=&#8221;page-margin-top&#8221;][vc_column][vc_button title=&#8221;Termin buchen&#8221; size=&#8221;large&#8221; icon=&#8221;template-arrow-circle-after&#8221; style=&#8221;dark-color&#8221;][vc_empty_space height=&#8221;100px&#8221;][\/vc_column][\/vc_row][vc_row][vc_column][vc_column_text]<\/p>\n<h2>Herzlich Wilkommen in unserer Praxis<\/h2>\n<p>[\/vc_column_text][\/vc_column][\/vc_row][vc_row][vc_column][vc_masonry_media_grid element_width=&#8221;2&#8243; gap=&#8221;10&#8243; grid_id=&#8221;vc_gid:1711382561375-2e8b8dbad5639428d3229c329fff918d-8&#8243; include=&#8221;250,254,255,256,251,252&#8243;][\/vc_column][\/vc_row][vc_row][vc_column][\/vc_column][\/vc_row]<\/p>\n<\/div>","protected":false},"excerpt":{"rendered":"<p>[vc_row][vc_column][vc_column_text] Leistungsspektrum: Kinderwunsch [\/vc_column_text][\/vc_column][\/vc_row][vc_row][vc_column][vc_column_text]Wenn Ihr Kinderwunsch konkret wird oder eventuell auch schon l\u00e4ngere Zeit erfolglos besteht, k\u00f6nnten folgende Informationen f\u00fcr Sie interessant sein: Zun\u00e4chst sollten Sie mit Ihren Vorsorgeuntersuchungen, einschlie\u00dflich Zahnarzt und Impfungen, auf dem laufenden sein. Gern kontrollieren wir Ihren Impfausweis und f\u00fchren bei Ihnen die m\u00f6glicherweise erforderlichen Impfungen durch. Empfohlen wird schon vor<\/p>\n","protected":false},"author":1,"featured_media":0,"parent":0,"menu_order":0,"comment_status":"closed","ping_status":"closed","template":"","meta":{"footnotes":""},"class_list":["post-214","page","type-page","status-publish","hentry"],"translation":{"provider":"WPGlobus","version":"3.0.2","language":"tr","enabled_languages":["de","en","tr"],"languages":{"de":{"title":true,"content":true,"excerpt":false},"en":{"title":true,"content":false,"excerpt":false},"tr":{"title":true,"content":false,"excerpt":false}}},"_links":{"self":[{"href":"https:\/\/test.dr-claudia-mueller.de\/tr\/wp-json\/wp\/v2\/pages\/214","targetHints":{"allow":["GET"]}}],"collection":[{"href":"https:\/\/test.dr-claudia-mueller.de\/tr\/wp-json\/wp\/v2\/pages"}],"about":[{"href":"https:\/\/test.dr-claudia-mueller.de\/tr\/wp-json\/wp\/v2\/types\/page"}],"author":[{"embeddable":true,"href":"https:\/\/test.dr-claudia-mueller.de\/tr\/wp-json\/wp\/v2\/users\/1"}],"replies":[{"embeddable":true,"href":"https:\/\/test.dr-claudia-mueller.de\/tr\/wp-json\/wp\/v2\/comments?post=214"}],"version-history":[{"count":6,"href":"https:\/\/test.dr-claudia-mueller.de\/tr\/wp-json\/wp\/v2\/pages\/214\/revisions"}],"predecessor-version":[{"id":279,"href":"https:\/\/test.dr-claudia-mueller.de\/tr\/wp-json\/wp\/v2\/pages\/214\/revisions\/279"}],"wp:attachment":[{"href":"https:\/\/test.dr-claudia-mueller.de\/tr\/wp-json\/wp\/v2\/media?parent=214"}],"curies":[{"name":"wp","href":"https:\/\/api.w.org\/{rel}","templated":true}]}}