{"id":216,"date":"2024-02-10T15:01:36","date_gmt":"2024-02-10T14:01:36","guid":{"rendered":"https:\/\/test.dr-claudia-mueller.de\/?page_id=216"},"modified":"2024-03-25T17:01:59","modified_gmt":"2024-03-25T16:01:59","slug":"schwangerschaft","status":"publish","type":"page","link":"https:\/\/test.dr-claudia-mueller.de\/tr\/schwangerschaft\/","title":{"rendered":"Gebelik"},"content":{"rendered":"<div class=\"wpb-content-wrapper\"><p>[vc_row][vc_column][vc_column_text]<\/p>\n<h1>Schwangerschaft<\/h1>\n<p>[\/vc_column_text][\/vc_column][\/vc_row][vc_row][vc_column][vc_column_text]<\/p>\n<h2>Leistungsspektrum: Schwangerschaftsbetreuung<\/h2>\n<h3>Sicherheit f\u00fcr Mutter und Kind<\/h3>\n<p>Die Schwangerenbetreuung umfasst die regelm\u00e4\u00dfigen Vorsorgeuntersuchungen (BzgA) nach den Mutterschaftsrichtlinien, als auch zus\u00e4tzliche Diagnostik und Beratungen zu nicht schwangerschaftsspezifischen Risiken und Beschwerden sowie dar\u00fcber hinaus die Beratung zu zus\u00e4tzlich gew\u00fcnschten Untersuchungen f\u00fcr eine noch h\u00f6here Sicherheit.<\/p>\n<h3>Pr\u00e4nataldiagnostik zur vorgeburtlichen Risikoeinsch\u00e4tzung f\u00fcr Fehlbildungen<\/h3>\n<p>Als vorgeburtliche Untersuchungen gibt es Untersuchungen zur Risikobeurteilung und die direkte Diagnostik.<\/p>\n<p>Die NT-Messung (Nackenfaltemessung) zwischen der 12. und 14. SSW ist ein Suchtest f\u00fcr Chromosomenanomalien (Trisomie 21,18 und 13), Herzfehler, Skelettanomalien und einige seltene genetisch bedingte Syndrome. Die Erkennungsrate f\u00fcr das Down-Syndrom (Trisomie 21) liegt bei 80 % mit einer Falsch-Positiv-Rate von 5 %. Durch die Bestimmung von PAPP-A und freiem \u00df-HCG aus dem m\u00fctterlichen Blut (sog. Ersttrimester-Screening) wird die Entdeckungsrate von Chromosomenanomalien nochmals auf ca. 90 % verbessert. NT-Messung und Ersttrimester-Screening k\u00f6nnen im Vorfeld zu einer Risikoeinsch\u00e4tzung genutzt werden.<\/p>\n<p>Zur genetischen Diagnostik z\u00e4hlen die Chorionzottenbiopsie nach der 11. SSW und die Amniozentese in der 16. &#8211; 18. SSW (Fruchtwasserspiegelung) sowie den NIPT \u2013Test (nicht invasiver pr\u00e4nataler Test) ab der 10. SSW. Sie dienen zur Gewinnung kindlicher Zellen f\u00fcr den Ausschluss von Trisomien.<\/p>\n<h3>Infektionsdiagnostik<\/h3>\n<p>Die Kenntnis \u00fcber eine vorliegende oder fehlende Immunit\u00e4t gegen\u00fcber bestimmten Infektionserkrankungen kann Ihnen Sicherheit geben oder im Verdachtsfall zu einer schnelleren Entscheidung f\u00fchren. Wir bieten Ihnen die Untersuchung auf:<br \/>\n\u2013 Toxoplasmose<br \/>\n\u2013 Cytomegalie<br \/>\n\u2013 Ringelr\u00f6teln<br \/>\n\u2013 Windpocken<\/p>\n<h3>Weitere empfohlene Zusatzuntersuchungen, die derzeit nicht Bestandteil der Vorsorge sind:<\/h3>\n<h3>Das Schilddr\u00fcsenscreening<\/h3>\n<p>\u2026 zum Ausschluss einer Unter- oder \u00dcberfunktion sollte zu Beginn der Schwangerschaft erfolgen. Die Risiken von Schilddr\u00fcsenfunktionsst\u00f6rungen sind fetale Entwicklungsst\u00f6rungen, h\u00e4ufigere Fr\u00fchgeburten, vermehrte Schwangerschaftserkrankungen.<\/p>\n<h3>Der Streptokokkenabstrich<\/h3>\n<p>Der Streptokokken-Abstrich dient der Feststellung, ob Streptokokken der Gruppe B, die zu einer gef\u00fcrchteten Infektion (Amnioninfektionssyndrom) f\u00fchren k\u00f6nnen, vorhanden sind. Er erfolgt sinnvollerweise in der 35. &#8211; 37. SSW. Bei einem Nachweis kann rechtzeitig mit einer gezielten Antibiose unter der Geburt eine Infektion vermieden werden.<\/p>\n<h3>Moderne M\u00f6glichkeiten \u2013 Investition f\u00fcr ihr Kind<\/h3>\n<p>Haben Sie schon \u00fcber die Einlagerung von Nabelschnurblut (oder Spende) nachgedacht? Dies k\u00f6nnte eine gute Investition in die Zukunft ihres Kindes sein. Sprechen Sie uns an.<\/p>\n<h3>Hebammen-Betreuung<\/h3>\n<p>F\u00fcr viele Frauen ist es sinnvoll, sich in den Tagen nach der Entbindung durch eine Hebamme unterst\u00fctzen zu lassen. Sie k\u00f6nnen \u201eIhre\u201c Hebamme auch schon vor der Geburt kennen lernen. Wir bieten Ihnen eine nahtlose Mitbetreuung durch unsere Hebamme Petra Sason hier in unseren Praxisr\u00e4umen an. Selbstverst\u00e4ndlich k\u00f6nnen Sie sich auch gern eine Hebamme \u00fcber die Hebammenliste suchen.<\/p>\n<h3>Welche Geburtsklinik soll es sein?<\/h3>\n<p>Die meisten Frauen bevorzugen die Entbindung in einer Klinik. Sie haben \u00fcblicherweise die M\u00f6glichkeit, die Klinik \u00fcber Vorbereitungskurse kennen zu lernen und sich den Krei\u00dfsaal anzuschauen. Erfolgt die Entbindung \u201eambulant\u201c, k\u00f6nnen Sie wenige Stunden danach mit Ihrem Kind nach Hause gehen. Alternativ besteht die M\u00f6glichkeit der Entbindung in einem Geburtshaus. Bitte nehmen Sie fr\u00fchzeitig Kontakt mit Ihrer Klinik auf.<\/p>\n<h2>Individuelle Gesundheitsleistungen: Schwangerschaft<\/h2>\n<p>Individuelle Gesundheitsleistungen sind \u00fcber den Rahmen der Gesetzlichen Krankenkassen hinausgehende Gesundheitsleistungen, die \u00e4rztlich empfehlenswert und medizinisch vertretbar sind, aber nicht zu Lasten der Krankenkasse erbracht werden. Sie werden als Privatleistungen nach der Geb\u00fchrenordnung f\u00fcr \u00c4rzte (GO\u00c4) berechnet.<\/p>\n<h3>Schwangerschaftstest<\/h3>\n<p>Fru\u0308hestens 14 Tage nach Befruchtung<\/p>\n<h3>Infektionsserologie<\/h3>\n<p>Blutabnahme zur Feststellung der Immunita\u0308t wichtiger Infektionskrankheiten<\/p>\n<h3>Schilddru\u0308sen-Test<\/h3>\n<p>Zum Ausschluss von kindlichen Gedeihsto\u0308rungen durch Sto\u0308rung der Schilddru\u0308senfunktion<\/p>\n<h3>Pra\u0308nataldiagnostik<\/h3>\n<p>Diese Untersuchungen erfolgen durch Spezialisten, mit denen wir zusammenarbeiten<\/p>\n<h3>Streptokokken-Abstrich<\/h3>\n<p>Zur Vermeidung von infektionsbedingten Komplikationen durch \u00df-h\u00e4molysierende B-Streptokokken unter der Geburt<\/p>\n<p>Gerne erhalten Sie von uns na\u0308here Informationen zu den angebotenen Gesundheitsleistungen.[\/vc_column_text][\/vc_column][\/vc_row][vc_row top_margin=&#8221;page-margin-top&#8221;][vc_column][vc_button title=&#8221;Termin f\u00fcr Krebsvorsorge buchen&#8221; size=&#8221;large&#8221; icon=&#8221;template-arrow-circle-after&#8221; style=&#8221;dark-color&#8221;][vc_empty_space height=&#8221;100px&#8221;][\/vc_column][\/vc_row][vc_row][vc_column][vc_column_text]<\/p>\n<h2>Herzlich Wilkommen in unserer Praxis<\/h2>\n<p>[\/vc_column_text][\/vc_column][\/vc_row][vc_row][vc_column][vc_masonry_media_grid gap=&#8221;10&#8243; grid_id=&#8221;vc_gid:1711379109723-702bbce9839be5c31e8376ddf39414b6-4&#8243; include=&#8221;250,255,256&#8243;][\/vc_column][\/vc_row][vc_row][vc_column][\/vc_column][\/vc_row]<\/p>\n<\/div>","protected":false},"excerpt":{"rendered":"<p>[vc_row][vc_column][vc_column_text] Schwangerschaft [\/vc_column_text][\/vc_column][\/vc_row][vc_row][vc_column][vc_column_text] Leistungsspektrum: Schwangerschaftsbetreuung Sicherheit f\u00fcr Mutter und Kind Die Schwangerenbetreuung umfasst die regelm\u00e4\u00dfigen Vorsorgeuntersuchungen (BzgA) nach den Mutterschaftsrichtlinien, als auch zus\u00e4tzliche Diagnostik und Beratungen zu nicht schwangerschaftsspezifischen Risiken und Beschwerden sowie dar\u00fcber hinaus die Beratung zu zus\u00e4tzlich gew\u00fcnschten Untersuchungen f\u00fcr eine noch h\u00f6here Sicherheit. Pr\u00e4nataldiagnostik zur vorgeburtlichen Risikoeinsch\u00e4tzung f\u00fcr Fehlbildungen Als vorgeburtliche Untersuchungen<\/p>\n","protected":false},"author":1,"featured_media":0,"parent":0,"menu_order":0,"comment_status":"closed","ping_status":"closed","template":"","meta":{"footnotes":""},"class_list":["post-216","page","type-page","status-publish","hentry"],"translation":{"provider":"WPGlobus","version":"3.0.2","language":"tr","enabled_languages":["de","en","tr"],"languages":{"de":{"title":true,"content":true,"excerpt":false},"en":{"title":true,"content":false,"excerpt":false},"tr":{"title":true,"content":false,"excerpt":false}}},"_links":{"self":[{"href":"https:\/\/test.dr-claudia-mueller.de\/tr\/wp-json\/wp\/v2\/pages\/216","targetHints":{"allow":["GET"]}}],"collection":[{"href":"https:\/\/test.dr-claudia-mueller.de\/tr\/wp-json\/wp\/v2\/pages"}],"about":[{"href":"https:\/\/test.dr-claudia-mueller.de\/tr\/wp-json\/wp\/v2\/types\/page"}],"author":[{"embeddable":true,"href":"https:\/\/test.dr-claudia-mueller.de\/tr\/wp-json\/wp\/v2\/users\/1"}],"replies":[{"embeddable":true,"href":"https:\/\/test.dr-claudia-mueller.de\/tr\/wp-json\/wp\/v2\/comments?post=216"}],"version-history":[{"count":6,"href":"https:\/\/test.dr-claudia-mueller.de\/tr\/wp-json\/wp\/v2\/pages\/216\/revisions"}],"predecessor-version":[{"id":259,"href":"https:\/\/test.dr-claudia-mueller.de\/tr\/wp-json\/wp\/v2\/pages\/216\/revisions\/259"}],"wp:attachment":[{"href":"https:\/\/test.dr-claudia-mueller.de\/tr\/wp-json\/wp\/v2\/media?parent=216"}],"curies":[{"name":"wp","href":"https:\/\/api.w.org\/{rel}","templated":true}]}}