{"id":9,"date":"2022-11-21T15:47:03","date_gmt":"2022-11-21T14:47:03","guid":{"rendered":"http:\/\/test.dr-claudia-mueller.de\/?page_id=9"},"modified":"2022-11-21T15:47:03","modified_gmt":"2022-11-21T14:47:03","slug":"impressum","status":"publish","type":"page","link":"https:\/\/test.dr-claudia-mueller.de\/tr\/impressum\/","title":{"rendered":"Impressum"},"content":{"rendered":"\n<p><strong>Frauenarztpraxis Dr. Claudia M\u00fcller<\/strong><br><strong>Heinrich-Heine-Stra\u00dfe 15<\/strong><br><strong>10179 Berlin-Mitte<\/strong><\/p>\n\n\n\n<p>Telefon: 030 &#8211; 69 04 26 42<br>Telefax: 030 &#8211; 69 04 26 26<br>eMail: <a href=\"mailto:kontakt@dr-claudia-mueller.de\">kontakt@dr-claudia-mueller.de<\/a><\/p>\n\n\n\n<p><br><strong>Zust\u00e4ndige Aufsichtsbeh\u00f6rde<\/strong>: <a href=\"https:\/\/www.aekb.de\/\">\u00c4rztekammer Berlin<\/a><\/p>\n\n\n\n<p><strong>Zust\u00e4ndige Kassen\u00e4rztliche Vereinigung<\/strong>: <a href=\"https:\/\/www.kvberlin.de\/\">KV Berlin<\/a><\/p>\n\n\n\n<p><strong>Berufsbezeichnung<\/strong>: Fach\u00e4rztin f\u00fcr Frauenheilkunde und Geburtshilfe (verliehen in der Bundesrepublik Deutschland)<br><br><br><strong>Inhaltlich Verantwortlicher<\/strong> gem\u00e4\u00df \u00a7 55 Absatz 2 RStV: Dr. Claudia M\u00fcller<\/p>\n\n\n\n<p><strong>Bank: <\/strong>Berliner Volksbank<br><strong>IBAN: <\/strong>DE75 1009 0000 5419 7340 06<\/p>\n\n\n\n<p><strong>Haftung f\u00fcr Inhalte<\/strong><br>Die Inhalte unserer Seiten wurden mit gr\u00f6\u00dfter Sorgfalt erstellt. F\u00fcr die Richtigkeit, Vollst\u00e4ndigkeit und Aktualit\u00e4t der Inhalte k\u00f6nnen wir jedoch keine Gew\u00e4hr \u00fcbernehmen. Als Diensteanbieter sind wir gem\u00e4\u00df \u00a7 7 Abs.1 TMG f\u00fcr eigene Inhalte auf diesen Seiten nach den allgemeinen Gesetzen verantwortlich. Nach \u00a7\u00a7 8 bis 10 TMG sind wir als Diensteanbieter jedoch nicht verpflichtet, \u00fcbermittelte oder gespeicherte fremde Informationen zu \u00fcberwachen oder nach Umst\u00e4nden zu forschen, die auf eine rechtswidrige T\u00e4tigkeit hinweisen. Verpflichtungen zur Entfernung oder Sperrung der Nutzung von Informationen nach den allgemeinen Gesetzen bleiben hiervon unber\u00fchrt. Eine diesbez\u00fcgliche Haftung ist jedoch erst ab dem Zeitpunkt der Kenntnis einer konkreten Rechtsverletzung m\u00f6glich. Bei Bekanntwerden von entsprechenden Rechtsverletzungen werden wir diese Inhalte umgehend entfernen.<\/p>\n","protected":false},"excerpt":{"rendered":"<p>Frauenarztpraxis Dr. Claudia M\u00fcllerHeinrich-Heine-Stra\u00dfe 1510179 Berlin-Mitte Telefon: 030 &#8211; 69 04 26 42Telefax: 030 &#8211; 69 04 26 26eMail: kontakt@dr-claudia-mueller.de Zust\u00e4ndige Aufsichtsbeh\u00f6rde: \u00c4rztekammer Berlin Zust\u00e4ndige Kassen\u00e4rztliche Vereinigung: KV Berlin Berufsbezeichnung: Fach\u00e4rztin f\u00fcr Frauenheilkunde und Geburtshilfe (verliehen in der Bundesrepublik Deutschland) Inhaltlich Verantwortlicher gem\u00e4\u00df \u00a7 55 Absatz 2 RStV: Dr. Claudia M\u00fcller Bank: Berliner VolksbankIBAN: DE75<\/p>\n","protected":false},"author":1,"featured_media":0,"parent":0,"menu_order":0,"comment_status":"closed","ping_status":"closed","template":"","meta":{"footnotes":""},"class_list":["post-9","page","type-page","status-publish","hentry"],"translation":{"provider":"WPGlobus","version":"3.0.2","language":"tr","enabled_languages":["de","en","tr"],"languages":{"de":{"title":true,"content":true,"excerpt":false},"en":{"title":false,"content":false,"excerpt":false},"tr":{"title":false,"content":false,"excerpt":false}}},"_links":{"self":[{"href":"https:\/\/test.dr-claudia-mueller.de\/tr\/wp-json\/wp\/v2\/pages\/9","targetHints":{"allow":["GET"]}}],"collection":[{"href":"https:\/\/test.dr-claudia-mueller.de\/tr\/wp-json\/wp\/v2\/pages"}],"about":[{"href":"https:\/\/test.dr-claudia-mueller.de\/tr\/wp-json\/wp\/v2\/types\/page"}],"author":[{"embeddable":true,"href":"https:\/\/test.dr-claudia-mueller.de\/tr\/wp-json\/wp\/v2\/users\/1"}],"replies":[{"embeddable":true,"href":"https:\/\/test.dr-claudia-mueller.de\/tr\/wp-json\/wp\/v2\/comments?post=9"}],"version-history":[{"count":1,"href":"https:\/\/test.dr-claudia-mueller.de\/tr\/wp-json\/wp\/v2\/pages\/9\/revisions"}],"predecessor-version":[{"id":10,"href":"https:\/\/test.dr-claudia-mueller.de\/tr\/wp-json\/wp\/v2\/pages\/9\/revisions\/10"}],"wp:attachment":[{"href":"https:\/\/test.dr-claudia-mueller.de\/tr\/wp-json\/wp\/v2\/media?parent=9"}],"curies":[{"name":"wp","href":"https:\/\/api.w.org\/{rel}","templated":true}]}}